{"id":3254,"date":"2021-07-25T17:55:18","date_gmt":"2021-07-25T17:55:18","guid":{"rendered":"https:\/\/yeminsaad.org\/%d7%a6%d7%95%d7%a8-%d7%a7%d7%a9%d7%a8\/"},"modified":"2024-12-07T15:39:14","modified_gmt":"2024-12-07T15:39:14","slug":"contactez-nous","status":"publish","type":"page","link":"https:\/\/yeminsaad.org\/fr\/contactez-nous\/","title":{"rendered":"Contactez-nous"},"content":{"rendered":"\t\t<div data-elementor-type=\"wp-page\" data-elementor-id=\"3254\" class=\"elementor elementor-3254 elementor-34\" data-elementor-post-type=\"page\">\n\t\t\t\t<div class=\"elementor-element elementor-element-2b4eac8 e-flex e-con-boxed e-con e-parent\" data-id=\"2b4eac8\" data-element_type=\"container\" data-settings=\"{&quot;jet_parallax_layout_list&quot;:[]}\">\n\t\t\t\t\t<div class=\"e-con-inner\">\n\t\t<div class=\"elementor-element elementor-element-023969f e-con-full e-flex e-con e-child\" data-id=\"023969f\" data-element_type=\"container\" data-settings=\"{&quot;jet_parallax_layout_list&quot;:[]}\">\n\t\t\t\t<div class=\"elementor-element elementor-element-60a2c46 elementor-widget elementor-widget-theme-post-title elementor-page-title elementor-widget-heading\" data-id=\"60a2c46\" data-element_type=\"widget\" data-widget_type=\"theme-post-title.default\">\n\t\t\t\t<div class=\"elementor-widget-container\">\n\t\t\t\t\t<h1 class=\"elementor-heading-title elementor-size-default\">Contactez-nous<\/h1>\t\t\t\t<\/div>\n\t\t\t\t<\/div>\n\t\t\t\t<div class=\"elementor-element elementor-element-0efe35e elementor-widget elementor-widget-heading\" data-id=\"0efe35e\" data-element_type=\"widget\" data-widget_type=\"heading.default\">\n\t\t\t\t<div class=\"elementor-widget-container\">\n\t\t\t\t\t<h2 class=\"elementor-heading-title elementor-size-default\">Chez Yamin Saad, nous sommes \u00e0 votre droite pour chaque demande<\/h2>\t\t\t\t<\/div>\n\t\t\t\t<\/div>\n\t\t\t\t<div class=\"elementor-element elementor-element-d5f69dc elementor-widget-divider--view-line elementor-widget elementor-widget-divider\" data-id=\"d5f69dc\" data-element_type=\"widget\" data-widget_type=\"divider.default\">\n\t\t\t\t<div class=\"elementor-widget-container\">\n\t\t\t\t\t\t\t<div class=\"elementor-divider\">\n\t\t\t<span class=\"elementor-divider-separator\">\n\t\t\t\t\t\t<\/span>\n\t\t<\/div>\n\t\t\t\t\t\t<\/div>\n\t\t\t\t<\/div>\n\t\t\t\t<div class=\"elementor-element elementor-element-9ead5d0 elementor-icon-list--layout-traditional elementor-list-item-link-full_width elementor-widget elementor-widget-icon-list\" data-id=\"9ead5d0\" data-element_type=\"widget\" data-widget_type=\"icon-list.default\">\n\t\t\t\t<div class=\"elementor-widget-container\">\n\t\t\t\t\t\t\t<ul class=\"elementor-icon-list-items\">\n\t\t\t\t\t\t\t<li class=\"elementor-icon-list-item\">\n\t\t\t\t\t\t\t\t\t\t\t<a href=\"https:\/\/www.waze.com\/live-map\/directions\/%D7%94%D7%9E%D7%A4%D7%AA%D7%97-%D7%94%D7%9E%D7%A1%D7%AA%D7%95%D7%91%D7%91-%D7%90%D7%A8%D7%9C%D7%95%D7%96%D7%95%D7%A8%D7%95%D7%91-7-%D7%97%D7%99%D7%A4%D7%94?to=place.w.22937928.229379281.43373\">\n\n\t\t\t\t\t\t\t\t\t\t\t\t<span class=\"elementor-icon-list-icon\">\n\t\t\t\t\t\t\t<svg xmlns=\"http:\/\/www.w3.org\/2000\/svg\" width=\"31\" height=\"41\" viewBox=\"0 0 31 41\" fill=\"none\"><path fill-rule=\"evenodd\" clip-rule=\"evenodd\" d=\"M14.1618 5.74107C11.4496 6.06684 9.38169 7.00647 7.65632 8.69529C6.2535 10.0699 5.32402 11.7674 4.86309 13.8004C4.6751 14.625 4.6312 16.6995 4.78293 17.5048C5.05395 18.9355 5.86224 20.7316 7.23452 22.9531C7.67731 23.6694 8.88832 25.6366 9.9285 27.3293C12.3305 31.2357 15.1428 35.7202 15.1905 35.7202C15.2306 35.7202 15.4987 35.2717 17.728 31.489C19.5135 28.4574 20.0145 27.6425 20.3313 27.2645C20.484 27.0799 20.7655 26.6555 20.9611 26.3172C21.1558 25.9759 21.7818 24.9706 22.3563 24.0735C24.2095 21.1802 24.889 19.9186 25.3175 18.5749C25.64 17.5628 25.7164 16.9625 25.6849 15.6468C25.6582 14.4877 25.6582 14.4877 25.3194 13.5123C24.9215 12.361 24.3174 11.0705 23.8278 10.3213C22.3048 7.99153 19.9534 6.45449 17.08 5.90637C16.3738 5.77104 14.6952 5.6763 14.1618 5.74107ZM16.036 12.0294C18.1822 12.476 19.5278 14.6298 18.9733 16.7295C18.4761 18.6078 16.5284 19.88 14.5883 19.5938C13.3897 19.4169 12.3467 18.66 11.7541 17.5405L11.4792 17.0195V15.8624C11.4792 14.9218 11.504 14.6298 11.6157 14.307C12.0432 13.0628 13.0958 12.2402 14.5731 11.9966C15.1266 11.9057 15.4768 11.9124 16.036 12.0294Z\" fill=\"#283354\"><\/path><\/svg>\t\t\t\t\t\t<\/span>\n\t\t\t\t\t\t\t\t\t\t<span class=\"elementor-icon-list-text\">Arlozorov 7, Ha\u00effa<\/span>\n\t\t\t\t\t\t\t\t\t\t\t<\/a>\n\t\t\t\t\t\t\t\t\t<\/li>\n\t\t\t\t\t\t\t\t<li class=\"elementor-icon-list-item\">\n\t\t\t\t\t\t\t\t\t\t\t<a href=\"mailto:office@yeminsaad.org\">\n\n\t\t\t\t\t\t\t\t\t\t\t\t<span class=\"elementor-icon-list-icon\">\n\t\t\t\t\t\t\t<svg xmlns=\"http:\/\/www.w3.org\/2000\/svg\" width=\"39\" height=\"26\" viewBox=\"0 0 39 26\" fill=\"none\"><path fill-rule=\"evenodd\" clip-rule=\"evenodd\" d=\"M2.41709 0.436157H36.2106C36.7276 0.436157 37.1839 0.728601 37.4453 1.1708L22.0489 13.2585C19.9496 14.8111 18.8052 14.9058 16.5589 13.2429L1.18091 1.1708C1.44228 0.728601 1.90001 0.436157 2.41709 0.436157ZM37.677 3.44112V23.1648L24.6103 13.6992L37.677 3.44112ZM37.3238 25.2896C37.054 25.6301 36.6542 25.8477 36.2106 25.8477H2.41709C1.97348 25.8477 1.57366 25.6301 1.30382 25.2896L15.5954 14.9397C16.7595 15.8523 17.7428 16.4782 19.3096 16.4866C20.8806 16.4937 21.8667 15.8523 23.0308 14.9397L37.3238 25.2896ZM0.949219 23.1648V3.44112L14.0173 13.6992L0.949219 23.1648Z\" fill=\"#283354\"><\/path><\/svg>\t\t\t\t\t\t<\/span>\n\t\t\t\t\t\t\t\t\t\t<span class=\"elementor-icon-list-text\">office@yeminsaad.org<\/span>\n\t\t\t\t\t\t\t\t\t\t\t<\/a>\n\t\t\t\t\t\t\t\t\t<\/li>\n\t\t\t\t\t\t\t\t<li class=\"elementor-icon-list-item\">\n\t\t\t\t\t\t\t\t\t\t\t<a href=\"tel:04-8671313\">\n\n\t\t\t\t\t\t\t\t\t\t\t\t<span class=\"elementor-icon-list-icon\">\n\t\t\t\t\t\t\t<svg xmlns=\"http:\/\/www.w3.org\/2000\/svg\" width=\"33\" height=\"33\" viewBox=\"0 0 33 33\" fill=\"none\"><path fill-rule=\"evenodd\" clip-rule=\"evenodd\" d=\"M0.295341 26.6229C0.300992 25.8713 0.211988 25.4022 1.34079 25.025C2.93581 24.5532 9.18449 21.568 9.83295 21.568C10.5379 21.7968 11.7967 22.9991 12.6882 23.8778C13.1812 24.361 14.1165 24.5673 14.7056 24.2141C16.3571 23.2209 19.2378 21.1088 20.262 20.0718C21.6056 18.7085 23.8533 15.9692 24.814 14.3219C25.153 13.7426 24.9199 12.7749 24.4481 12.2847C23.5552 11.3579 22.2399 10.003 22.0633 9.41249C22.0619 9.14266 22.5055 7.78498 22.8615 7.06447C23.7473 4.81675 24.8083 2.58175 25.5966 0.438578C25.8622 0.17439 26.3991 0.182867 26.8441 0.191344C27.648 0.202646 29.3433 0.495089 30.239 1.13507C32.0318 2.50122 32.7806 5.64464 32.8032 7.44168C32.8823 13.672 27.4827 21.2247 20.5135 27.0523C16.1622 30.556 0.200686 37.9632 0.295341 26.6229Z\" fill=\"#283354\"><\/path><\/svg>\t\t\t\t\t\t<\/span>\n\t\t\t\t\t\t\t\t\t\t<span class=\"elementor-icon-list-text\">04-8671313<\/span>\n\t\t\t\t\t\t\t\t\t\t\t<\/a>\n\t\t\t\t\t\t\t\t\t<\/li>\n\t\t\t\t\t\t\t\t<li class=\"elementor-icon-list-item\">\n\t\t\t\t\t\t\t\t\t\t\t<span class=\"elementor-icon-list-icon\">\n\t\t\t\t\t\t\t<svg xmlns=\"http:\/\/www.w3.org\/2000\/svg\" width=\"38\" height=\"35\" viewBox=\"0 0 38 35\" fill=\"none\"><path fill-rule=\"evenodd\" clip-rule=\"evenodd\" d=\"M36.8239 15.8194C36.8239 14.4498 35.326 13.3276 33.4905 13.3276H32.7505V10.8473C32.7505 9.82418 31.9939 8.96101 30.9911 8.75283V7.39207L23.5437 0.321686H7.1016V8.75283C6.09879 8.96101 5.34098 9.82418 5.34098 10.8473V13.3276H4.60094C2.7667 13.3276 1.26758 14.4498 1.26758 15.8194C1.26758 15.9273 1.26758 25.6989 1.26758 25.6989C1.26758 27.4684 2.7667 28.9155 4.60094 28.9155H7.1016V34.5946H30.9911V28.9155H33.4905C35.326 28.9155 36.8239 27.4684 36.8239 25.6989C36.8239 25.6989 36.8239 15.9273 36.8239 15.8194ZM28.3572 7.14581H23.5158V2.5507L28.3572 7.14581ZM21.8491 2.46565V8.75283H28.7697V13.3276H9.32299V2.46565H21.8491ZM28.7697 32.4494H9.32299V23.6603H28.7697V32.4494ZM33.4905 26.2346H30.9911V21.5163H7.1016V26.2346H4.60094C4.29883 26.2346 4.04623 25.9908 4.04623 25.6989V18.2756H34.0465V25.6989C34.0465 25.9908 33.7939 26.2346 33.4905 26.2346Z\" fill=\"#283354\"><\/path><\/svg>\t\t\t\t\t\t<\/span>\n\t\t\t\t\t\t\t\t\t\t<span class=\"elementor-icon-list-text\">Horaires d'ouverture:<br> du dimanche au jeudi de 09:00 \u00e0 13:00 de 16:00 \u00e0 18:00 Samedi et jours f\u00e9ri\u00e9s ferm\u00e9<\/span>\n\t\t\t\t\t\t\t\t\t<\/li>\n\t\t\t\t\t\t<\/ul>\n\t\t\t\t\t\t<\/div>\n\t\t\t\t<\/div>\n\t\t\t\t<\/div>\n\t\t<div class=\"elementor-element elementor-element-947f0f7 e-con-full e-flex e-con e-child\" data-id=\"947f0f7\" data-element_type=\"container\" data-settings=\"{&quot;jet_parallax_layout_list&quot;:[]}\">\n\t\t<div class=\"elementor-element elementor-element-dcf33c0 e-con-full e-flex e-con e-child\" data-id=\"dcf33c0\" data-element_type=\"container\" data-settings=\"{&quot;background_background&quot;:&quot;classic&quot;,&quot;jet_parallax_layout_list&quot;:[],&quot;sticky&quot;:&quot;top&quot;,&quot;sticky_parent&quot;:&quot;yes&quot;,&quot;sticky_on&quot;:[&quot;desktop&quot;,&quot;tablet&quot;,&quot;mobile&quot;],&quot;sticky_offset&quot;:0,&quot;sticky_effects_offset&quot;:0,&quot;sticky_anchor_link_offset&quot;:0}\">\n\t\t\t\t<div class=\"elementor-element elementor-element-4c647db elementor-widget elementor-widget-heading\" data-id=\"4c647db\" data-element_type=\"widget\" data-widget_type=\"heading.default\">\n\t\t\t\t<div class=\"elementor-widget-container\">\n\t\t\t\t\t<h2 class=\"elementor-heading-title elementor-size-default\">Laissez les d\u00e9tails et nous vous r\u00e9pondrons<\/h2>\t\t\t\t<\/div>\n\t\t\t\t<\/div>\n\t\t\t\t<div class=\"elementor-element elementor-element-810c6c6 elementor-widget elementor-widget-heading\" data-id=\"810c6c6\" data-element_type=\"widget\" data-widget_type=\"heading.default\">\n\t\t\t\t<div class=\"elementor-widget-container\">\n\t\t\t\t\t<p class=\"elementor-heading-title elementor-size-default\">L'\u00e9ventail de b\u00e9n\u00e9voles de Yamin Saad est disponible pour toutes demandes de renseignements \u00e0 toute heure de la journ\u00e9e<\/p>\t\t\t\t<\/div>\n\t\t\t\t<\/div>\n\t\t\t\t<div class=\"elementor-element elementor-element-faf22ad elementor-button-align-stretch elementor-widget elementor-widget-form\" data-id=\"faf22ad\" data-element_type=\"widget\" data-settings=\"{&quot;step_next_label&quot;:&quot;\\u05d4\\u05d1\\u05d0&quot;,&quot;step_previous_label&quot;:&quot;\\u05d4\\u05e7\\u05d5\\u05d3\\u05dd&quot;,&quot;button_width&quot;:&quot;100&quot;,&quot;step_type&quot;:&quot;number_text&quot;,&quot;step_icon_shape&quot;:&quot;circle&quot;}\" data-widget_type=\"form.default\">\n\t\t\t\t<div class=\"elementor-widget-container\">\n\t\t\t\t\t\t\t<form class=\"elementor-form\" method=\"post\" name=\"Formulaire de contact\">\n\t\t\t<input type=\"hidden\" name=\"post_id\" value=\"3254\"\/>\n\t\t\t<input type=\"hidden\" name=\"form_id\" value=\"faf22ad\"\/>\n\t\t\t<input type=\"hidden\" name=\"referer_title\" value=\"\u05d9\u05de\u05d9\u05df \u05e1\u05e2\u05d3\" \/>\n\n\t\t\t\n\t\t\t<div class=\"elementor-form-fields-wrapper elementor-labels-\">\n\t\t\t\t\t\t\t\t<div class=\"elementor-field-type-text elementor-field-group elementor-column elementor-field-group-name elementor-col-50\">\n\t\t\t\t\t\t\t\t\t\t\t\t<label for=\"form-field-name\" class=\"elementor-field-label elementor-screen-only\">\n\t\t\t\t\t\t\t\tNom\t\t\t\t\t\t\t<\/label>\n\t\t\t\t\t\t\t\t\t\t\t\t\t\t<input size=\"1\" type=\"text\" name=\"form_fields[name]\" id=\"form-field-name\" class=\"elementor-field elementor-size-sm  elementor-field-textual\" placeholder=\"Nom:\">\n\t\t\t\t\t\t\t\t\t\t\t<\/div>\n\t\t\t\t\t\t\t\t<div class=\"elementor-field-type-tel elementor-field-group elementor-column elementor-field-group-field_3495961 elementor-col-50\">\n\t\t\t\t\t\t\t\t\t\t\t\t<label for=\"form-field-field_3495961\" class=\"elementor-field-label elementor-screen-only\">\n\t\t\t\t\t\t\t\tT\u00e9l\u00e9phone\t\t\t\t\t\t\t<\/label>\n\t\t\t\t\t\t\t\t<input size=\"1\" type=\"tel\" name=\"form_fields[field_3495961]\" id=\"form-field-field_3495961\" class=\"elementor-field elementor-size-sm  elementor-field-textual\" placeholder=\"T\u00e9l\u00e9phone:\" pattern=\"[0-9()#&amp;+*-=.]+\" title=\"Only numbers and phone characters (#, -, *, etc) are accepted.\">\n\n\t\t\t\t\t\t<\/div>\n\t\t\t\t\t\t\t\t<div class=\"elementor-field-type-email elementor-field-group elementor-column elementor-field-group-email elementor-col-50 elementor-field-required\">\n\t\t\t\t\t\t\t\t\t\t\t\t<label for=\"form-field-email\" class=\"elementor-field-label elementor-screen-only\">\n\t\t\t\t\t\t\t\tE-mail\t\t\t\t\t\t\t<\/label>\n\t\t\t\t\t\t\t\t\t\t\t\t\t\t<input size=\"1\" type=\"email\" name=\"form_fields[email]\" id=\"form-field-email\" class=\"elementor-field elementor-size-sm  elementor-field-textual\" placeholder=\"E-mail:\" required=\"required\" aria-required=\"true\">\n\t\t\t\t\t\t\t\t\t\t\t<\/div>\n\t\t\t\t\t\t\t\t<div class=\"elementor-field-type-select elementor-field-group elementor-column elementor-field-group-field_9d2f68d elementor-col-50 elementor-field-required\">\n\t\t\t\t\t\t\t\t\t\t\t\t<label for=\"form-field-field_9d2f68d\" class=\"elementor-field-label elementor-screen-only\">\n\t\t\t\t\t\t\t\tChoisissez un sujet\t\t\t\t\t\t\t<\/label>\n\t\t\t\t\t\t\t\t<div class=\"elementor-field elementor-select-wrapper remove-before \">\n\t\t\t<div class=\"select-caret-down-wrapper\">\n\t\t\t\t<svg aria-hidden=\"true\" class=\"e-font-icon-svg e-eicon-caret-down\" viewBox=\"0 0 571.4 571.4\" xmlns=\"http:\/\/www.w3.org\/2000\/svg\"><path d=\"M571 393Q571 407 561 418L311 668Q300 679 286 679T261 668L11 418Q0 407 0 393T11 368 36 357H536Q550 357 561 368T571 393Z\"><\/path><\/svg>\t\t\t<\/div>\n\t\t\t<select name=\"form_fields[field_9d2f68d]\" id=\"form-field-field_9d2f68d\" class=\"elementor-field-textual elementor-size-sm\" required=\"required\" aria-required=\"true\">\n\t\t\t\t\t\t\t\t\t<option value=\"Choisissez un sujet\">Choisissez un sujet<\/option>\n\t\t\t\t\t\t\t\t\t<option value=\"Sujet 1\">Sujet 1<\/option>\n\t\t\t\t\t\t\t\t\t<option value=\"Sujet 2\">Sujet 2<\/option>\n\t\t\t\t\t\t\t\t\t<option value=\"Sujet 3\">Sujet 3<\/option>\n\t\t\t\t\t\t\t<\/select>\n\t\t<\/div>\n\t\t\t\t\t\t<\/div>\n\t\t\t\t\t\t\t\t<div class=\"elementor-field-type-textarea elementor-field-group elementor-column elementor-field-group-field_0b6df77 elementor-col-100\">\n\t\t\t\t\t\t\t\t\t\t\t\t<label for=\"form-field-field_0b6df77\" class=\"elementor-field-label elementor-screen-only\">\n\t\t\t\t\t\t\t\tMessage\t\t\t\t\t\t\t<\/label>\n\t\t\t\t\t\t<textarea class=\"elementor-field-textual elementor-field  elementor-size-sm\" name=\"form_fields[field_0b6df77]\" id=\"form-field-field_0b6df77\" rows=\"4\" placeholder=\"Ajouter un commentaire\"><\/textarea>\t\t\t\t<\/div>\n\t\t\t\t\t\t\t\t<div class=\"elementor-field-group elementor-column elementor-field-type-submit elementor-col-100 e-form__buttons\">\n\t\t\t\t\t<button class=\"elementor-button elementor-size-sm\" type=\"submit\">\n\t\t\t\t\t\t<span class=\"elementor-button-content-wrapper\">\n\t\t\t\t\t\t\t\t\t\t\t\t\t\t\t<span class=\"elementor-button-icon\">\n\t\t\t\t\t\t\t\t\t<svg aria-hidden=\"true\" class=\"e-font-icon-svg e-fas-arrow-right\" viewBox=\"0 0 448 512\" xmlns=\"http:\/\/www.w3.org\/2000\/svg\"><path d=\"M190.5 66.9l22.2-22.2c9.4-9.4 24.6-9.4 33.9 0L441 239c9.4 9.4 9.4 24.6 0 33.9L246.6 467.3c-9.4 9.4-24.6 9.4-33.9 0l-22.2-22.2c-9.5-9.5-9.3-25 .4-34.3L311.4 296H24c-13.3 0-24-10.7-24-24v-32c0-13.3 10.7-24 24-24h287.4L190.9 101.2c-9.8-9.3-10-24.8-.4-34.3z\"><\/path><\/svg>\t\t\t\t\t\t\t\t\t\t\t\t\t\t\t\t\t<\/span>\n\t\t\t\t\t\t\t\t\t\t\t\t\t\t\t\t\t\t\t\t\t\t<span class=\"elementor-button-text\">Revenez vers moi bient\u00f4t<\/span>\n\t\t\t\t\t\t\t\t\t\t\t\t\t<\/span>\n\t\t\t\t\t<\/button>\n\t\t\t\t<\/div>\n\t\t\t<\/div>\n\t\t<\/form>\n\t\t\t\t\t\t<\/div>\n\t\t\t\t<\/div>\n\t\t\t\t<\/div>\n\t\t\t\t<\/div>\n\t\t\t\t\t<\/div>\n\t\t\t\t<\/div>\n\t\t<div class=\"elementor-element elementor-element-f732a18 e-con-full e-flex e-con e-parent\" data-id=\"f732a18\" data-element_type=\"container\" data-settings=\"{&quot;jet_parallax_layout_list&quot;:[]}\">\n\t\t\t\t<div class=\"elementor-element elementor-element-34ba711 elementor-widget elementor-widget-google_maps\" data-id=\"34ba711\" data-element_type=\"widget\" data-widget_type=\"google_maps.default\">\n\t\t\t\t<div class=\"elementor-widget-container\">\n\t\t\t\t\t\t\t<div class=\"elementor-custom-embed\">\n\t\t\t<iframe loading=\"lazy\"\n\t\t\t\t\tsrc=\"https:\/\/maps.google.com\/maps?q=%D7%90%D7%A8%D7%9C%D7%95%D7%96%D7%95%D7%A8%D7%95%D7%91%207%2C%20%D7%97%D7%99%D7%A4%D7%94&#038;t=m&#038;z=16&#038;output=embed&#038;iwloc=near\"\n\t\t\t\t\ttitle=\"\u05d0\u05e8\u05dc\u05d5\u05d6\u05d5\u05e8\u05d5\u05d1 7, \u05d7\u05d9\u05e4\u05d4\"\n\t\t\t\t\taria-label=\"\u05d0\u05e8\u05dc\u05d5\u05d6\u05d5\u05e8\u05d5\u05d1 7, \u05d7\u05d9\u05e4\u05d4\"\n\t\t\t><\/iframe>\n\t\t<\/div>\n\t\t\t\t\t\t<\/div>\n\t\t\t\t<\/div>\n\t\t\t\t<\/div>\n\t\t\t\t<\/div>\n\t\t","protected":false},"excerpt":{"rendered":"<p>Chez Yamin Saad, nous sommes \u00e0 votre droite pour chaque demande Arlozorov 7, Ha\u00effa office@yeminsaad.org 04-8671313 Horaires d&#8217;ouverture: du dimanche au jeudi de 09:00 \u00e0 13:00 de 16:00 \u00e0 18:00 Samedi et jours f\u00e9ri\u00e9s ferm\u00e9 Laissez les d\u00e9tails et nous vous r\u00e9pondrons L&#8217;\u00e9ventail de b\u00e9n\u00e9voles de Yamin Saad est disponible pour toutes demandes de renseignements [&hellip;]<\/p>\n","protected":false},"author":1,"featured_media":0,"parent":0,"menu_order":0,"comment_status":"closed","ping_status":"closed","template":"elementor_header_footer","meta":{"footnotes":""},"class_list":["post-3254","page","type-page","status-publish","hentry"],"yoast_head":"<!-- This site is optimized with the Yoast SEO plugin v24.5 - https:\/\/yoast.com\/wordpress\/plugins\/seo\/ -->\n<title>Contactez-nous | Yemin Saad<\/title>\n<meta name=\"robots\" content=\"index, follow, max-snippet:-1, max-image-preview:large, max-video-preview:-1\" \/>\n<link rel=\"canonical\" href=\"https:\/\/yeminsaad.org\/fr\/contactez-nous\/\" \/>\n<meta property=\"og:locale\" content=\"fr_FR\" \/>\n<meta property=\"og:type\" content=\"article\" \/>\n<meta property=\"og:title\" content=\"Contactez-nous | Yemin Saad\" \/>\n<meta property=\"og:description\" content=\"Chez Yamin Saad, nous sommes \u00e0 votre droite pour chaque demande Arlozorov 7, Ha\u00effa office@yeminsaad.org 04-8671313 Horaires d&#8217;ouverture: du dimanche au jeudi de 09:00 \u00e0 13:00 de 16:00 \u00e0 18:00 Samedi et jours f\u00e9ri\u00e9s ferm\u00e9 Laissez les d\u00e9tails et nous vous r\u00e9pondrons L&#8217;\u00e9ventail de b\u00e9n\u00e9voles de Yamin Saad est disponible pour toutes demandes de renseignements [&hellip;]\" \/>\n<meta property=\"og:url\" content=\"https:\/\/yeminsaad.org\/fr\/contactez-nous\/\" \/>\n<meta property=\"og:site_name\" content=\"\u05d9\u05de\u05d9\u05df \u05e1\u05e2\u05d3\" \/>\n<meta property=\"article:modified_time\" content=\"2024-12-07T15:39:14+00:00\" \/>\n<meta name=\"twitter:card\" content=\"summary_large_image\" \/>\n<meta name=\"twitter:label1\" content=\"Est. reading time\" \/>\n\t<meta name=\"twitter:data1\" content=\"1 minute\" \/>\n<script type=\"application\/ld+json\" class=\"yoast-schema-graph\">{\"@context\":\"https:\/\/schema.org\",\"@graph\":[{\"@type\":\"WebPage\",\"@id\":\"https:\/\/yeminsaad.org\/fr\/contactez-nous\/\",\"url\":\"https:\/\/yeminsaad.org\/fr\/contactez-nous\/\",\"name\":\"Contactez-nous | Yemin Saad\",\"isPartOf\":{\"@id\":\"https:\/\/yeminsaad.org\/fr\/#website\"},\"datePublished\":\"2021-07-25T17:55:18+00:00\",\"dateModified\":\"2024-12-07T15:39:14+00:00\",\"breadcrumb\":{\"@id\":\"https:\/\/yeminsaad.org\/fr\/contactez-nous\/#breadcrumb\"},\"inLanguage\":\"FR\",\"potentialAction\":[{\"@type\":\"ReadAction\",\"target\":[\"https:\/\/yeminsaad.org\/fr\/contactez-nous\/\"]}]},{\"@type\":\"BreadcrumbList\",\"@id\":\"https:\/\/yeminsaad.org\/fr\/contactez-nous\/#breadcrumb\",\"itemListElement\":[{\"@type\":\"ListItem\",\"position\":1,\"name\":\"Don pour les patients atteints de cancer\",\"item\":\"https:\/\/yeminsaad.org\/fr\/\"},{\"@type\":\"ListItem\",\"position\":2,\"name\":\"Contactez-nous\"}]},{\"@type\":\"WebSite\",\"@id\":\"https:\/\/yeminsaad.org\/fr\/#website\",\"url\":\"https:\/\/yeminsaad.org\/fr\/\",\"name\":\"\u05d9\u05de\u05d9\u05df \u05e1\u05e2\u05d3\",\"description\":\"\u05de\u05e8\u05db\u05d6 \u05e1\u05d9\u05d5\u05e2 \u05dc\u05d7\u05d5\u05dc\u05d9\u05dd \u05d5\u05de\u05e9\u05e4\u05d7\u05d5\u05ea\u05d9\u05d4\u05dd\",\"publisher\":{\"@id\":\"https:\/\/yeminsaad.org\/fr\/#organization\"},\"potentialAction\":[{\"@type\":\"SearchAction\",\"target\":{\"@type\":\"EntryPoint\",\"urlTemplate\":\"https:\/\/yeminsaad.org\/fr\/?s={search_term_string}\"},\"query-input\":{\"@type\":\"PropertyValueSpecification\",\"valueRequired\":true,\"valueName\":\"search_term_string\"}}],\"inLanguage\":\"FR\"},{\"@type\":\"Organization\",\"@id\":\"https:\/\/yeminsaad.org\/fr\/#organization\",\"name\":\"\u05d9\u05de\u05d9\u05df \u05e1\u05e2\u05d3\",\"url\":\"https:\/\/yeminsaad.org\/fr\/\",\"logo\":{\"@type\":\"ImageObject\",\"inLanguage\":\"FR\",\"@id\":\"https:\/\/yeminsaad.org\/fr\/#\/schema\/logo\/image\/\",\"url\":\"https:\/\/yeminsaad.org\/wp-content\/uploads\/2024\/12\/LOGO-1.png\",\"contentUrl\":\"https:\/\/yeminsaad.org\/wp-content\/uploads\/2024\/12\/LOGO-1.png\",\"width\":1437,\"height\":350,\"caption\":\"\u05d9\u05de\u05d9\u05df \u05e1\u05e2\u05d3\"},\"image\":{\"@id\":\"https:\/\/yeminsaad.org\/fr\/#\/schema\/logo\/image\/\"}}]}<\/script>\n<!-- \/ Yoast SEO plugin. -->","yoast_head_json":{"title":"Contactez-nous | Yemin Saad","robots":{"index":"index","follow":"follow","max-snippet":"max-snippet:-1","max-image-preview":"max-image-preview:large","max-video-preview":"max-video-preview:-1"},"canonical":"https:\/\/yeminsaad.org\/fr\/contactez-nous\/","og_locale":"fr_FR","og_type":"article","og_title":"Contactez-nous | Yemin Saad","og_description":"Chez Yamin Saad, nous sommes \u00e0 votre droite pour chaque demande Arlozorov 7, Ha\u00effa office@yeminsaad.org 04-8671313 Horaires d&#8217;ouverture: du dimanche au jeudi de 09:00 \u00e0 13:00 de 16:00 \u00e0 18:00 Samedi et jours f\u00e9ri\u00e9s ferm\u00e9 Laissez les d\u00e9tails et nous vous r\u00e9pondrons L&#8217;\u00e9ventail de b\u00e9n\u00e9voles de Yamin Saad est disponible pour toutes demandes de renseignements [&hellip;]","og_url":"https:\/\/yeminsaad.org\/fr\/contactez-nous\/","og_site_name":"\u05d9\u05de\u05d9\u05df \u05e1\u05e2\u05d3","article_modified_time":"2024-12-07T15:39:14+00:00","twitter_card":"summary_large_image","twitter_misc":{"Est. reading time":"1 minute"},"schema":{"@context":"https:\/\/schema.org","@graph":[{"@type":"WebPage","@id":"https:\/\/yeminsaad.org\/fr\/contactez-nous\/","url":"https:\/\/yeminsaad.org\/fr\/contactez-nous\/","name":"Contactez-nous | Yemin Saad","isPartOf":{"@id":"https:\/\/yeminsaad.org\/fr\/#website"},"datePublished":"2021-07-25T17:55:18+00:00","dateModified":"2024-12-07T15:39:14+00:00","breadcrumb":{"@id":"https:\/\/yeminsaad.org\/fr\/contactez-nous\/#breadcrumb"},"inLanguage":"FR","potentialAction":[{"@type":"ReadAction","target":["https:\/\/yeminsaad.org\/fr\/contactez-nous\/"]}]},{"@type":"BreadcrumbList","@id":"https:\/\/yeminsaad.org\/fr\/contactez-nous\/#breadcrumb","itemListElement":[{"@type":"ListItem","position":1,"name":"Don pour les patients atteints de cancer","item":"https:\/\/yeminsaad.org\/fr\/"},{"@type":"ListItem","position":2,"name":"Contactez-nous"}]},{"@type":"WebSite","@id":"https:\/\/yeminsaad.org\/fr\/#website","url":"https:\/\/yeminsaad.org\/fr\/","name":"\u05d9\u05de\u05d9\u05df \u05e1\u05e2\u05d3","description":"\u05de\u05e8\u05db\u05d6 \u05e1\u05d9\u05d5\u05e2 \u05dc\u05d7\u05d5\u05dc\u05d9\u05dd \u05d5\u05de\u05e9\u05e4\u05d7\u05d5\u05ea\u05d9\u05d4\u05dd","publisher":{"@id":"https:\/\/yeminsaad.org\/fr\/#organization"},"potentialAction":[{"@type":"SearchAction","target":{"@type":"EntryPoint","urlTemplate":"https:\/\/yeminsaad.org\/fr\/?s={search_term_string}"},"query-input":{"@type":"PropertyValueSpecification","valueRequired":true,"valueName":"search_term_string"}}],"inLanguage":"FR"},{"@type":"Organization","@id":"https:\/\/yeminsaad.org\/fr\/#organization","name":"\u05d9\u05de\u05d9\u05df \u05e1\u05e2\u05d3","url":"https:\/\/yeminsaad.org\/fr\/","logo":{"@type":"ImageObject","inLanguage":"FR","@id":"https:\/\/yeminsaad.org\/fr\/#\/schema\/logo\/image\/","url":"https:\/\/yeminsaad.org\/wp-content\/uploads\/2024\/12\/LOGO-1.png","contentUrl":"https:\/\/yeminsaad.org\/wp-content\/uploads\/2024\/12\/LOGO-1.png","width":1437,"height":350,"caption":"\u05d9\u05de\u05d9\u05df \u05e1\u05e2\u05d3"},"image":{"@id":"https:\/\/yeminsaad.org\/fr\/#\/schema\/logo\/image\/"}}]}},"_links":{"self":[{"href":"https:\/\/yeminsaad.org\/fr\/wp-json\/wp\/v2\/pages\/3254","targetHints":{"allow":["GET"]}}],"collection":[{"href":"https:\/\/yeminsaad.org\/fr\/wp-json\/wp\/v2\/pages"}],"about":[{"href":"https:\/\/yeminsaad.org\/fr\/wp-json\/wp\/v2\/types\/page"}],"author":[{"embeddable":true,"href":"https:\/\/yeminsaad.org\/fr\/wp-json\/wp\/v2\/users\/1"}],"replies":[{"embeddable":true,"href":"https:\/\/yeminsaad.org\/fr\/wp-json\/wp\/v2\/comments?post=3254"}],"version-history":[{"count":20,"href":"https:\/\/yeminsaad.org\/fr\/wp-json\/wp\/v2\/pages\/3254\/revisions"}],"predecessor-version":[{"id":3637,"href":"https:\/\/yeminsaad.org\/fr\/wp-json\/wp\/v2\/pages\/3254\/revisions\/3637"}],"wp:attachment":[{"href":"https:\/\/yeminsaad.org\/fr\/wp-json\/wp\/v2\/media?parent=3254"}],"curies":[{"name":"wp","href":"https:\/\/api.w.org\/{rel}","templated":true}]}}