{"id":3207,"date":"2024-11-20T14:32:57","date_gmt":"2024-11-20T14:32:57","guid":{"rendered":"https:\/\/yeminsaad.org\/donate\/"},"modified":"2024-12-07T15:39:17","modified_gmt":"2024-12-07T15:39:17","slug":"dons","status":"publish","type":"page","link":"https:\/\/yeminsaad.org\/fr\/dons\/","title":{"rendered":"Dons"},"content":{"rendered":"\t\t<div data-elementor-type=\"wp-page\" data-elementor-id=\"3207\" class=\"elementor elementor-3207 elementor-331\" data-elementor-post-type=\"page\">\n\t\t\t\t<div class=\"elementor-element elementor-element-846f5ae e-con-full e-flex e-con e-parent\" data-id=\"846f5ae\" data-element_type=\"container\" data-settings=\"{&quot;jet_parallax_layout_list&quot;:[]}\">\n\t\t<div class=\"elementor-element elementor-element-ee2c8fa e-con-full e-flex e-con e-child\" data-id=\"ee2c8fa\" data-element_type=\"container\" data-settings=\"{&quot;jet_parallax_layout_list&quot;:[]}\">\n\t\t\t\t<div class=\"elementor-element elementor-element-4f748f6 elementor-widget elementor-widget-heading\" data-id=\"4f748f6\" data-element_type=\"widget\" data-widget_type=\"heading.default\">\n\t\t\t\t<div class=\"elementor-widget-container\">\n\t\t\t\t\t<h2 class=\"elementor-heading-title elementor-size-default\">Don pour la vie et l'espoir<\/h2>\t\t\t\t<\/div>\n\t\t\t\t<\/div>\n\t\t\t\t<div class=\"elementor-element elementor-element-aab3509 elementor-widget elementor-widget-heading\" data-id=\"aab3509\" data-element_type=\"widget\" data-widget_type=\"heading.default\">\n\t\t\t\t<div class=\"elementor-widget-container\">\n\t\t\t\t\t<h2 class=\"elementor-heading-title elementor-size-default\">*L'association est reconnue fiscalement selon l'article 46<\/h2>\t\t\t\t<\/div>\n\t\t\t\t<\/div>\n\t\t\t\t<div class=\"elementor-element elementor-element-6a19acc elementor-widget-divider--view-line elementor-widget elementor-widget-divider\" data-id=\"6a19acc\" data-element_type=\"widget\" data-widget_type=\"divider.default\">\n\t\t\t\t<div class=\"elementor-widget-container\">\n\t\t\t\t\t\t\t<div class=\"elementor-divider\">\n\t\t\t<span class=\"elementor-divider-separator\">\n\t\t\t\t\t\t<\/span>\n\t\t<\/div>\n\t\t\t\t\t\t<\/div>\n\t\t\t\t<\/div>\n\t\t\t\t<div class=\"elementor-element elementor-element-0d78e6b elementor-widget elementor-widget-shortcode\" data-id=\"0d78e6b\" data-element_type=\"widget\" data-widget_type=\"shortcode.default\">\n\t\t\t\t<div class=\"elementor-widget-container\">\n\t\t\t\t\t\t\t<div class=\"elementor-shortcode\">\n<div class=\"wpcf7 no-js\" id=\"wpcf7-f3466-o1\" lang=\"FR\" dir=\"ltr\" data-wpcf7-id=\"3466\">\n<div class=\"screen-reader-response\"><p role=\"status\" aria-live=\"polite\" aria-atomic=\"true\"><\/p> <ul><\/ul><\/div>\n<form action=\"\/fr\/wp-json\/wp\/v2\/pages\/3207#wpcf7-f3466-o1\" method=\"post\" class=\"wpcf7-form init\" aria-label=\"Contact form\" novalidate=\"novalidate\" data-status=\"init\">\n<div style=\"display: none;\">\n<input type=\"hidden\" name=\"_wpcf7\" value=\"3466\" \/>\n<input type=\"hidden\" name=\"_wpcf7_version\" value=\"6.0.4\" \/>\n<input type=\"hidden\" name=\"_wpcf7_locale\" value=\"\" \/>\n<input type=\"hidden\" name=\"_wpcf7_unit_tag\" value=\"wpcf7-f3466-o1\" \/>\n<input type=\"hidden\" name=\"_wpcf7_container_post\" value=\"0\" \/>\n<input type=\"hidden\" name=\"_wpcf7_posted_data_hash\" value=\"\" \/>\n<\/div>\n<div class=\"container\">\n\t<div class=\"row\">\n\t\t<div class=\"col-md-6\">\n\t\t\t<div id=\"one_time\" class=\"button_button\">\n\t\t\t\t<p>Une fois\n\t\t\t\t<\/p>\n\t\t\t<\/div>\n\t\t<\/div>\n\t\t<div class=\"col-md-6\">\n\t\t\t<div  id=\"standing_order\" class=\"button_button\">\n\t\t\t\t<p>Par ordre permanent\n\t\t\t\t<\/p>\n\t\t\t<\/div>\n\t\t<\/div>\n\t<\/div>\n\t<div class=\"row one_time\">\n\t\t<div class=\"col-md-4\" >\n\t\t\t<div class=\"val_amount\" data-amount-val=\"180\">\n\t\t\t\t<p>180 NIS\n\t\t\t\t<\/p>\n\t\t\t<\/div>\n\t\t<\/div>\n\t\t<div class=\"col-md-4\">\n\t\t\t<div class=\"val_amount\" data-amount-val=\"360\">\n\t\t\t\t<p>360 NIS\n\t\t\t\t<\/p>\n\t\t\t<\/div>\n\t\t<\/div>\n\t\t<div class=\"col-md-4\">\n\t\t\t<div class=\"val_amount\" data-amount-val=\"1000\">\n\t\t\t\t<p>1000 NIS\n\t\t\t\t<\/p>\n\t\t\t<\/div>\n\t\t<\/div>\n\t\t<div class=\"col-md-4\">\n\t\t\t<div class=\"val_amount\" data-amount-val=\"1800\">\n\t\t\t\t<p>1800 NIS\n\t\t\t\t<\/p>\n\t\t\t<\/div>\n\t\t<\/div>\n\t\t<div class=\"col-md-4\">\n\t\t\t<div class=\"val_amount\" data-amount-val=\"3200\">\n\t\t\t\t<p>3200 NIS\n\t\t\t\t<\/p>\n\t\t\t<\/div>\n\t\t<\/div>\n\t\t<div class=\"col-md-4\">\n\t\t\t<div class=\"val_amount\">\n\t\t\t\t<p><input value=\"\" placeholder=\"Autre montant\" type=\"number\" \/>\n\t\t\t\t<\/p>\n\t\t\t<\/div>\n\t\t<\/div>\n\t<\/div>\n\t<div class=\"row standing_order\">\n\t\t<div class=\"col-md-4\">\n\t\t\t<div class=\"val_amount\" data-amount-val=\"72\">\n\t\t\t\t<p class=\"title\">Adopter un enfant dans un camp de vacances\n\t\t\t\t<\/p>\n\t\t\t\t<p class=\"amount_title\">72 NIS par mois\n\t\t\t\t<\/p>\n\t\t\t\t<p class=\"info_amount\">12 paiements de 864 NIS au total\n\t\t\t\t<\/p>\n\t\t\t<\/div>\n\t\t<\/div>\n\t\t<div class=\"col-md-4\">\n\t\t\t<div class=\"val_amount\" data-amount-val=\"50\">\n\t\t\t\t<p class=\"title\">R\u00e9alisation d'un souhait\n\t\t\t\t<\/p>\n\t\t\t\t<p class=\"amount_title\">50 NIS par mois\n\t\t\t\t<\/p>\n\t\t\t\t<p class=\"info_amount\">12 paiements 600 NIS au total\n\t\t\t\t<\/p>\n\t\t\t<\/div>\n\t\t<\/div>\n\t\t<div class=\"col-md-4\">\n\t\t\t<div class=\"val_amount\" data-amount-val=\"72\">\n\t\t\t\t<p class=\"title\">Anniversaire d'un enfant atteint de cancer\n\t\t\t\t<\/p>\n\t\t\t\t<p class=\"amount_title\">72 NIS par mois\n\t\t\t\t<\/p>\n\t\t\t\t<p class=\"info_amount\">12 paiements de 864 NIS au total\n\t\t\t\t<\/p>\n\t\t\t<\/div>\n\t\t<\/div>\n\t\t<div class=\"col-md-4\">\n\t\t\t<div class=\"val_amount\" data-amount-val=\"300\">\n\t\t\t\t<p class=\"title\">Repas chaud\n\t\t\t\t<\/p>\n\t\t\t\t<p>pour les familles n\u00e9cessiteuses\n\t\t\t\t<\/p>\n\t\t\t\t<p class=\"amount_title\">300 NIS par mois\n\t\t\t\t<\/p>\n\t\t\t<\/div>\n\t\t<\/div>\n\t\t<div class=\"col-md-4\">\n\t\t\t<div class=\"val_amount\" data-amount-val=\"200\">\n\t\t\t\t<p class=\"title\">Pr\u00eat de mat\u00e9riel m\u00e9dical\n\t\t\t\t<\/p>\n\t\t\t\t<p class=\"amount_title\"> 200 NIS par mois\n\t\t\t\t<\/p>\n\t\t\t\t<p class=\"info_amount\">12 paiements 2400 NIS au total\n\t\t\t\t<\/p>\n\t\t\t<\/div>\n\t\t<\/div>\n\t\t<div class=\"col-md-4\">\n\t\t\t<div class=\"val_amount\" data-amount-val=\"120\">\n\t\t\t\t<p class=\"title\">Un ordinateur portable pour favoriser l'apprentissage\n\t\t\t\t<\/p>\n\t\t\t\t<p class=\"amount_title\">120 NIS par mois\n\t\t\t\t<\/p>\n\t\t\t\t<p class=\"info_amount\">12 paiements 1200 NIS au total\n\t\t\t\t<\/p>\n\t\t\t<\/div>\n\t\t<\/div>\n\t<\/div>\n\t<div class=\"row info_amount_pay\">\n\t\t<div class=\"col-6\">\n\t\t\t<p><span class=\"wpcf7-form-control-wrap\" data-name=\"first-name\"><input size=\"40\" maxlength=\"400\" class=\"wpcf7-form-control wpcf7-text wpcf7-validates-as-required\" aria-required=\"true\" aria-invalid=\"false\" placeholder=\"Pr\u00e9nom:\" value=\"\" type=\"text\" name=\"first-name\" \/><\/span>\n\t\t\t<\/p>\n\t\t<\/div>\n\t\t<div class=\"col-6\">\n\t\t\t<p><span class=\"wpcf7-form-control-wrap\" data-name=\"last-name\"><input size=\"40\" maxlength=\"400\" class=\"wpcf7-form-control wpcf7-text wpcf7-validates-as-required\" aria-required=\"true\" aria-invalid=\"false\" placeholder=\"Nom de famille:\" value=\"\" type=\"text\" name=\"last-name\" \/><\/span>\n\t\t\t<\/p>\n\t\t<\/div>\n\t\t<div class=\"col-6\">\n\t\t\t<p><span class=\"wpcf7-form-control-wrap\" data-name=\"phone\"><input size=\"40\" maxlength=\"400\" class=\"wpcf7-form-control wpcf7-tel wpcf7-validates-as-required wpcf7-text wpcf7-validates-as-tel\" aria-required=\"true\" aria-invalid=\"false\" placeholder=\"T\u00e9l\u00e9phone:\" value=\"\" type=\"tel\" name=\"phone\" \/><\/span>\n\t\t\t<\/p>\n\t\t<\/div>\n\t\t<div class=\"col-6\">\n\t\t\t<p><span class=\"wpcf7-form-control-wrap\" data-name=\"email\"><input size=\"40\" maxlength=\"400\" class=\"wpcf7-form-control wpcf7-email wpcf7-validates-as-required wpcf7-text wpcf7-validates-as-email\" aria-required=\"true\" aria-invalid=\"false\" placeholder=\"E-mail:\" value=\"\" type=\"email\" name=\"email\" \/><\/span>\n\t\t\t<\/p>\n\t\t<\/div>\n\t\t<div class=\"col-12\">\n\t\t\t<p><span class=\"wpcf7-form-control-wrap\" data-name=\"checkbox-53\"><span class=\"wpcf7-form-control wpcf7-checkbox\"><span class=\"wpcf7-list-item first last\"><label><input type=\"checkbox\" name=\"checkbox-53[]\" value=\"Int\u00e9ress\u00e9 par une admission en vertu de l&#039;article 46\" \/><span class=\"wpcf7-list-item-label\">Int\u00e9ress\u00e9 par une admission en vertu de l&#039;article 46<\/span><\/label><\/span><\/span><\/span>\n\t\t\t<\/p>\n\t\t<\/div>\n\t\t<div class=\"col-12\">\n\t\t\t<p><span class=\"wpcf7-form-control-wrap\" data-name=\"amount\"><input size=\"40\" maxlength=\"400\" class=\"wpcf7-form-control wpcf7-text\" aria-invalid=\"false\" value=\"\" type=\"text\" name=\"amount\" \/><\/span>\n\t\t\t<\/p>\n\t\t<\/div>\n\t\t<div class=\"col-12\">\n\t\t\t<p><input class=\"wpcf7-form-control wpcf7-submit has-spinner payment\" type=\"submit\" value=\"Faire un don\" \/>\n\t\t\t<\/p>\n\t\t<\/div>\n\t<\/div>\n<\/div><div class=\"wpcf7-response-output\" aria-hidden=\"true\"><\/div>\n<\/form>\n<\/div>\n<\/div>\n\t\t\t\t\t\t<\/div>\n\t\t\t\t<\/div>\n\t\t\t\t<\/div>\n\t\t\t\t<\/div>\n\t\t<div class=\"elementor-element elementor-element-91f151a e-flex e-con-boxed e-con e-parent\" data-id=\"91f151a\" data-element_type=\"container\" data-settings=\"{&quot;jet_parallax_layout_list&quot;:[]}\">\n\t\t\t\t\t<div class=\"e-con-inner\">\n\t\t\t\t<div class=\"elementor-element elementor-element-9591529 elementor-widget elementor-widget-html\" data-id=\"9591529\" data-element_type=\"widget\" data-widget_type=\"html.default\">\n\t\t\t\t<div class=\"elementor-widget-container\">\n\t\t\t\t\t<script>\n    jQuery(function($) {\n        $('#one_time').click(function(){\n           $('.one_time').addClass(\"active\"); \n           $(this).addClass(\"active\");\n           $('.button_button').removeClass('active');\n            $('.standing_order').removeClass('active');\n\n        });\n          $('#standing_order').click(function(){\n           $('.standing_order').addClass(\"active\"); \n           $(this).addClass(\"active\");\n            $('.button_button').removeClass('active');\n            $('.one_time').removeClass('active');\n           \n        });\n        $('.val_amount').click(function(){\n\t\t\tconst val_amount = $(this).data(\"amount-val\");\n\t\t\t$('input[name=\"amount\"]').val(val_amount)\n\t\t});\n        \n    });\n<\/script>\t\t\t\t<\/div>\n\t\t\t\t<\/div>\n\t\t\t\t\t<\/div>\n\t\t\t\t<\/div>\n\t\t\t\t<\/div>\n\t\t","protected":false},"excerpt":{"rendered":"<p>Don pour la vie et l&#8217;espoir *L&#8217;association est reconnue fiscalement selon l&#8217;article 46<\/p>\n","protected":false},"author":1,"featured_media":0,"parent":0,"menu_order":0,"comment_status":"closed","ping_status":"closed","template":"elementor_header_footer","meta":{"footnotes":""},"class_list":["post-3207","page","type-page","status-publish","hentry"],"yoast_head":"<!-- This site is optimized with the Yoast SEO plugin v24.5 - https:\/\/yoast.com\/wordpress\/plugins\/seo\/ -->\n<title>Dons | Yemin Saad<\/title>\n<meta name=\"robots\" content=\"index, follow, max-snippet:-1, max-image-preview:large, max-video-preview:-1\" \/>\n<link rel=\"canonical\" href=\"https:\/\/yeminsaad.org\/fr\/dons\/\" \/>\n<meta property=\"og:locale\" content=\"fr_FR\" \/>\n<meta property=\"og:type\" content=\"article\" \/>\n<meta property=\"og:title\" content=\"Dons | Yemin Saad\" \/>\n<meta property=\"og:description\" content=\"Don pour la vie et l&#8217;espoir *L&#8217;association est reconnue fiscalement selon l&#8217;article 46\" \/>\n<meta property=\"og:url\" content=\"https:\/\/yeminsaad.org\/fr\/dons\/\" \/>\n<meta property=\"og:site_name\" content=\"\u05d9\u05de\u05d9\u05df \u05e1\u05e2\u05d3\" \/>\n<meta property=\"article:modified_time\" content=\"2024-12-07T15:39:17+00:00\" \/>\n<meta name=\"twitter:card\" content=\"summary_large_image\" \/>\n<meta name=\"twitter:label1\" content=\"Est. reading time\" \/>\n\t<meta name=\"twitter:data1\" content=\"1 minute\" \/>\n<script type=\"application\/ld+json\" class=\"yoast-schema-graph\">{\"@context\":\"https:\/\/schema.org\",\"@graph\":[{\"@type\":\"WebPage\",\"@id\":\"https:\/\/yeminsaad.org\/fr\/dons\/\",\"url\":\"https:\/\/yeminsaad.org\/fr\/dons\/\",\"name\":\"Dons | Yemin Saad\",\"isPartOf\":{\"@id\":\"https:\/\/yeminsaad.org\/fr\/#website\"},\"datePublished\":\"2024-11-20T14:32:57+00:00\",\"dateModified\":\"2024-12-07T15:39:17+00:00\",\"breadcrumb\":{\"@id\":\"https:\/\/yeminsaad.org\/fr\/dons\/#breadcrumb\"},\"inLanguage\":\"FR\",\"potentialAction\":[{\"@type\":\"ReadAction\",\"target\":[\"https:\/\/yeminsaad.org\/fr\/dons\/\"]}]},{\"@type\":\"BreadcrumbList\",\"@id\":\"https:\/\/yeminsaad.org\/fr\/dons\/#breadcrumb\",\"itemListElement\":[{\"@type\":\"ListItem\",\"position\":1,\"name\":\"Don pour les patients atteints de cancer\",\"item\":\"https:\/\/yeminsaad.org\/fr\/\"},{\"@type\":\"ListItem\",\"position\":2,\"name\":\"Dons\"}]},{\"@type\":\"WebSite\",\"@id\":\"https:\/\/yeminsaad.org\/fr\/#website\",\"url\":\"https:\/\/yeminsaad.org\/fr\/\",\"name\":\"\u05d9\u05de\u05d9\u05df \u05e1\u05e2\u05d3\",\"description\":\"\u05de\u05e8\u05db\u05d6 \u05e1\u05d9\u05d5\u05e2 \u05dc\u05d7\u05d5\u05dc\u05d9\u05dd \u05d5\u05de\u05e9\u05e4\u05d7\u05d5\u05ea\u05d9\u05d4\u05dd\",\"publisher\":{\"@id\":\"https:\/\/yeminsaad.org\/fr\/#organization\"},\"potentialAction\":[{\"@type\":\"SearchAction\",\"target\":{\"@type\":\"EntryPoint\",\"urlTemplate\":\"https:\/\/yeminsaad.org\/fr\/?s={search_term_string}\"},\"query-input\":{\"@type\":\"PropertyValueSpecification\",\"valueRequired\":true,\"valueName\":\"search_term_string\"}}],\"inLanguage\":\"FR\"},{\"@type\":\"Organization\",\"@id\":\"https:\/\/yeminsaad.org\/fr\/#organization\",\"name\":\"\u05d9\u05de\u05d9\u05df \u05e1\u05e2\u05d3\",\"url\":\"https:\/\/yeminsaad.org\/fr\/\",\"logo\":{\"@type\":\"ImageObject\",\"inLanguage\":\"FR\",\"@id\":\"https:\/\/yeminsaad.org\/fr\/#\/schema\/logo\/image\/\",\"url\":\"https:\/\/yeminsaad.org\/wp-content\/uploads\/2024\/12\/LOGO-1.png\",\"contentUrl\":\"https:\/\/yeminsaad.org\/wp-content\/uploads\/2024\/12\/LOGO-1.png\",\"width\":1437,\"height\":350,\"caption\":\"\u05d9\u05de\u05d9\u05df \u05e1\u05e2\u05d3\"},\"image\":{\"@id\":\"https:\/\/yeminsaad.org\/fr\/#\/schema\/logo\/image\/\"}}]}<\/script>\n<!-- \/ Yoast SEO plugin. -->","yoast_head_json":{"title":"Dons | Yemin Saad","robots":{"index":"index","follow":"follow","max-snippet":"max-snippet:-1","max-image-preview":"max-image-preview:large","max-video-preview":"max-video-preview:-1"},"canonical":"https:\/\/yeminsaad.org\/fr\/dons\/","og_locale":"fr_FR","og_type":"article","og_title":"Dons | Yemin Saad","og_description":"Don pour la vie et l&#8217;espoir *L&#8217;association est reconnue fiscalement selon l&#8217;article 46","og_url":"https:\/\/yeminsaad.org\/fr\/dons\/","og_site_name":"\u05d9\u05de\u05d9\u05df \u05e1\u05e2\u05d3","article_modified_time":"2024-12-07T15:39:17+00:00","twitter_card":"summary_large_image","twitter_misc":{"Est. reading time":"1 minute"},"schema":{"@context":"https:\/\/schema.org","@graph":[{"@type":"WebPage","@id":"https:\/\/yeminsaad.org\/fr\/dons\/","url":"https:\/\/yeminsaad.org\/fr\/dons\/","name":"Dons | Yemin Saad","isPartOf":{"@id":"https:\/\/yeminsaad.org\/fr\/#website"},"datePublished":"2024-11-20T14:32:57+00:00","dateModified":"2024-12-07T15:39:17+00:00","breadcrumb":{"@id":"https:\/\/yeminsaad.org\/fr\/dons\/#breadcrumb"},"inLanguage":"FR","potentialAction":[{"@type":"ReadAction","target":["https:\/\/yeminsaad.org\/fr\/dons\/"]}]},{"@type":"BreadcrumbList","@id":"https:\/\/yeminsaad.org\/fr\/dons\/#breadcrumb","itemListElement":[{"@type":"ListItem","position":1,"name":"Don pour les patients atteints de cancer","item":"https:\/\/yeminsaad.org\/fr\/"},{"@type":"ListItem","position":2,"name":"Dons"}]},{"@type":"WebSite","@id":"https:\/\/yeminsaad.org\/fr\/#website","url":"https:\/\/yeminsaad.org\/fr\/","name":"\u05d9\u05de\u05d9\u05df \u05e1\u05e2\u05d3","description":"\u05de\u05e8\u05db\u05d6 \u05e1\u05d9\u05d5\u05e2 \u05dc\u05d7\u05d5\u05dc\u05d9\u05dd \u05d5\u05de\u05e9\u05e4\u05d7\u05d5\u05ea\u05d9\u05d4\u05dd","publisher":{"@id":"https:\/\/yeminsaad.org\/fr\/#organization"},"potentialAction":[{"@type":"SearchAction","target":{"@type":"EntryPoint","urlTemplate":"https:\/\/yeminsaad.org\/fr\/?s={search_term_string}"},"query-input":{"@type":"PropertyValueSpecification","valueRequired":true,"valueName":"search_term_string"}}],"inLanguage":"FR"},{"@type":"Organization","@id":"https:\/\/yeminsaad.org\/fr\/#organization","name":"\u05d9\u05de\u05d9\u05df \u05e1\u05e2\u05d3","url":"https:\/\/yeminsaad.org\/fr\/","logo":{"@type":"ImageObject","inLanguage":"FR","@id":"https:\/\/yeminsaad.org\/fr\/#\/schema\/logo\/image\/","url":"https:\/\/yeminsaad.org\/wp-content\/uploads\/2024\/12\/LOGO-1.png","contentUrl":"https:\/\/yeminsaad.org\/wp-content\/uploads\/2024\/12\/LOGO-1.png","width":1437,"height":350,"caption":"\u05d9\u05de\u05d9\u05df \u05e1\u05e2\u05d3"},"image":{"@id":"https:\/\/yeminsaad.org\/fr\/#\/schema\/logo\/image\/"}}]}},"_links":{"self":[{"href":"https:\/\/yeminsaad.org\/fr\/wp-json\/wp\/v2\/pages\/3207","targetHints":{"allow":["GET"]}}],"collection":[{"href":"https:\/\/yeminsaad.org\/fr\/wp-json\/wp\/v2\/pages"}],"about":[{"href":"https:\/\/yeminsaad.org\/fr\/wp-json\/wp\/v2\/types\/page"}],"author":[{"embeddable":true,"href":"https:\/\/yeminsaad.org\/fr\/wp-json\/wp\/v2\/users\/1"}],"replies":[{"embeddable":true,"href":"https:\/\/yeminsaad.org\/fr\/wp-json\/wp\/v2\/comments?post=3207"}],"version-history":[{"count":8,"href":"https:\/\/yeminsaad.org\/fr\/wp-json\/wp\/v2\/pages\/3207\/revisions"}],"predecessor-version":[{"id":3638,"href":"https:\/\/yeminsaad.org\/fr\/wp-json\/wp\/v2\/pages\/3207\/revisions\/3638"}],"wp:attachment":[{"href":"https:\/\/yeminsaad.org\/fr\/wp-json\/wp\/v2\/media?parent=3207"}],"curies":[{"name":"wp","href":"https:\/\/api.w.org\/{rel}","templated":true}]}}